{"id":434,"date":"2018-06-22T15:06:32","date_gmt":"2018-06-22T14:06:32","guid":{"rendered":"http:\/\/lovely-life.de\/?page_id=434"},"modified":"2018-06-22T15:10:20","modified_gmt":"2018-06-22T14:10:20","slug":"datenschutzerklaerung","status":"publish","type":"page","link":"http:\/\/lovely-life.de\/?page_id=434","title":{"rendered":"\u00dcber Lovely Guitar Life \u2013 Datenschutzerkl\u00e4rung"},"content":{"rendered":"<p>Lovely Guitar Life ist ein privater, unkommerzieller Blog \u00fcber die E-Gitarre. Es geht um meine Erlebnisse und Erfahrungen, das Lernen, Spielen, Spa\u00df und Frust mit der Gitarre, um die Suche nach dem eigenen Ton, um Gitarren, Verst\u00e4rker, Effektpedale und vieles mehr.<\/p>\n<p>Die Adresse dieser Website ist: http:\/\/lovely-life.de.<\/p>\n<h2>Welche personenbezogenen Daten diese Webseite sammelt und warum<\/h2>\n<h3>Cookies<\/h3>\n<p>Cookies sind kleine Textdateien, die vom Browser auf Deinem Rechner abgelegt werden. Diese Cookies erm\u00f6glichen es uns, Deinen Browser beim n\u00e4chsten Besuch wiederzuerkennen.<\/p>\n<p>Du kannst Deinen Browser so einstellen, dass Du \u00fcber das Setzen von Cookies informiert wirst und Cookies nur im Einzelfall erlauben, die Annahme von Cookies f\u00fcr bestimmte F\u00e4lle oder generell ausschlie\u00dfen sowie das automatische L\u00f6schen der Cookies beim Schlie\u00dfen des Browser aktivieren.<\/p>\n<p>Wenn du einen Kommentar auf unserer Website schreibst, kann das eine Einwilligung sein, deinen Namen, E-Mail-Adresse und Website in Cookies zu speichern. Dies ist eine Komfortfunktion, damit du nicht, wenn du einen weiteren Kommentar schreibst, all diese Daten erneut eingeben musst. Diese Cookies werden ein Jahr lang gespeichert.<\/p>\n<h3>Eingebettete Inhalte von anderen Websites<\/h3>\n<p>Beitr\u00e4ge auf dieser Website k\u00f6nnen eingebettete Inhalte beinhalten (z.\u00a0B. Videos, Bilder, Beitr\u00e4ge etc.). Eingebettete Inhalte von anderen Websites verhalten sich exakt so, als ob der Besucher die andere Website besucht h\u00e4tte. Dies k\u00f6nnen zum Beispiel Videos von Youtube sein.<\/p>\n<p>Diese Websites k\u00f6nnen Daten \u00fcber dich sammeln, Cookies benutzen, zus\u00e4tzliche Tracking-Dienste von Dritten einbetten und deine Interaktion mit diesem eingebetteten Inhalt aufzeichnen, inklusive deiner Interaktion mit dem eingebetteten Inhalt, falls du ein Konto hast und auf dieser Website angemeldet bist.<\/p>\n<h3>Kommentare<\/h3>\n<p>Wenn Besucher Kommentare auf dieser Website schreiben, sammeln wir die Daten, die im Kommentar-Formular angezeigt werden, au\u00dferdem die IP-Adresse des Besuchers und den User-Agent-String (damit wird der Browser identifiziert), um die Erkennung von Spam zu unterst\u00fctzen.<\/p>\n<p>Aus deiner E-Mail-Adresse kann eine anonymisierte Zeichenfolge erstellt (auch Hash genannt) und dem Gravatar-Dienst \u00fcbergeben werden, um zu pr\u00fcfen, ob du diesen benutzt. Die Datenschutzerkl\u00e4rung des Gravatar-Dienstes findest du hier: https:\/\/automattic.com\/privacy\/. Nachdem dein Kommentar freigegeben wurde, ist dein Profilbild \u00f6ffentlich im Kontext deines Kommentars sichtbar.<\/p>\n<h3>Medien<\/h3>\n<p>Wenn du ein registrierter Benutzer bist und Fotos auf diese Website l\u00e4dst, solltest du vermeiden, Fotos mit einem EXIF-GPS-Standort hochzuladen. Besucher dieser Website k\u00f6nnten Fotos, die auf dieser Website gespeichert sind, herunterladen und deren Standort-Informationen extrahieren.<\/p>\n<h2>Wie lange wir deine Daten speichern<\/h2>\n<p>Wenn du einen Kommentar schreibst, wird dieser inklusive Metadaten zeitlich unbegrenzt gespeichert. Auf diese Art k\u00f6nnen wir Folgekommentare automatisch erkennen und freigeben, anstelle sie in einer Moderations-Warteschlange festzuhalten.<\/p>\n<h2>Welche Rechte du an deinen Daten hast<\/h2>\n<p>Wenn du Kommentare geschrieben hast, kannst du einen Export deiner personenbezogenen Daten bei uns anfordern, inklusive aller Daten, die du uns mitgeteilt hast. Dar\u00fcber hinaus kannst du die L\u00f6schung aller personenbezogenen Daten, die wir von dir gespeichert haben, anfordern. Dies umfasst nicht die Daten, die wir aufgrund administrativer, rechtlicher oder sicherheitsrelevanter Notwendigkeiten aufbewahren m\u00fcssen.<\/p>\n<h2>Wohin wir deine Daten senden<\/h2>\n<p>Besucher-Kommentare k\u00f6nnen von einem automatisierten Dienst zur Spam-Erkennung untersucht werden.<\/p>\n<h2>Wie wir deine Daten sch\u00fctzen<\/h2>\n<p>Im Rahmen dieser Webseite werden nur Daten erhoben, die f\u00fcr den Betrieb notwendig sind. Die verwendeten Methoden sind der aktuelle Stand, der \u00fcblicherweise bei WordPress-Blogs verwendet wird.<\/p>\n<h3><\/h3>\n","protected":false},"excerpt":{"rendered":"<p>Lovely Guitar Life ist ein privater, unkommerzieller Blog \u00fcber die E-Gitarre. Es geht um meine Erlebnisse und Erfahrungen, das Lernen,<\/p>\n","protected":false},"author":1,"featured_media":0,"parent":0,"menu_order":0,"comment_status":"closed","ping_status":"closed","template":"","meta":{"spay_email":""},"jetpack_sharing_enabled":true,"jetpack_shortlink":"https:\/\/wp.me\/P9nL42-70","_links":{"self":[{"href":"http:\/\/lovely-life.de\/index.php?rest_route=\/wp\/v2\/pages\/434"}],"collection":[{"href":"http:\/\/lovely-life.de\/index.php?rest_route=\/wp\/v2\/pages"}],"about":[{"href":"http:\/\/lovely-life.de\/index.php?rest_route=\/wp\/v2\/types\/page"}],"author":[{"embeddable":true,"href":"http:\/\/lovely-life.de\/index.php?rest_route=\/wp\/v2\/users\/1"}],"replies":[{"embeddable":true,"href":"http:\/\/lovely-life.de\/index.php?rest_route=%2Fwp%2Fv2%2Fcomments&post=434"}],"version-history":[{"count":3,"href":"http:\/\/lovely-life.de\/index.php?rest_route=\/wp\/v2\/pages\/434\/revisions"}],"predecessor-version":[{"id":456,"href":"http:\/\/lovely-life.de\/index.php?rest_route=\/wp\/v2\/pages\/434\/revisions\/456"}],"wp:attachment":[{"href":"http:\/\/lovely-life.de\/index.php?rest_route=%2Fwp%2Fv2%2Fmedia&parent=434"}],"curies":[{"name":"wp","href":"https:\/\/api.w.org\/{rel}","templated":true}]}}